{"id":790,"date":"2021-10-03T17:09:37","date_gmt":"2021-10-03T15:09:37","guid":{"rendered":"https:\/\/www.infographie.auclairde.fr\/?page_id=790"},"modified":"2021-10-15T19:26:53","modified_gmt":"2021-10-15T17:26:53","slug":"cv","status":"publish","type":"page","link":"https:\/\/www.infographie.auclairde.fr\/index.php\/cv\/","title":{"rendered":"CV"},"content":{"rendered":"<style type=\"text\/css\">\n            #resume-830.rb-template-container { max-width: 100% !important; margin-left: auto; margin-right: auto; }            #resume-830 .rbt-header-wrapper { border-color: rgba( 67, 67, 67, 0.2 ); }\n            #resume-830.rb-template-container { background: #ffffff !important; box-sizing: border-box; padding: 75px !important; }                                                @media screen and (max-width: 900px) {\n                #resume-830.rb-template-container {\n                    padding:45px !important;\n                }\n            }\n        <\/style><section id=\"resume-830\" class=\"rb-template-container\"><div class=\"rb-template-default\"><div class=\"rbt-header-wrapper\"><style type=\"text\/css\">\n\t#rb-template-445 .rbt-header .rbt-name,\n\t#rb-template-445 .rbt-header .rbt-title { color:#434343; }\n\t#rb-template-445 .rbt-header .rb-button { background:#3cc1ce; }\n\t#rb-template-445 .rbt-header .rb-button:hover { background:#434343; }\n\t#rb-template-445 .rbt-header > .rbt-photo { width: 100px; height: 100px; }\n<\/style>\n\n<div id=\"rb-template-445\" class=\"rb-template-default\">\n\t<section class=\"rbt-header rb-resume-has-photo\">\n\n\t\t\t\t\n\t\t\t\t\t<div class=\"rbt-photo\" style=\"background-image: url( 'https:\/\/www.infographie.auclairde.fr\/wp-content\/uploads\/2021\/10\/celine2021A-1024x1024.jpg' )\">&nbsp;<\/div>\n\t\t\t\n\t\t\t\n\t\t<div class=\"rbt-name\">C\u00e9line MILLERAND<\/div>\n\t\n\t\t\t\n\t\t<div class=\"rbt-title\">GRAPHISME | MOTION DESIGN DIRECTION ARTISTIQUE PHOTOGRAPHIE<\/div>\t\t\n\t\t<div class=\"rbt-attachment\"><a target=\"_blank\" href=\"https:\/\/www.infographie.auclairde.fr\/wp-content\/uploads\/2021\/10\/Celine-Millerand-CV-2021.pdf\" class=\"rb-button\"><svg width=\"24\" height=\"24\" fill=\"none\" viewBox=\"0 0 24 24\">\n\t\t<path stroke=\"currentColor\" stroke-linecap=\"round\" stroke-linejoin=\"round\" stroke-width=\"1.5\" d=\"M7.75 19.25H16.25C17.3546 19.25 18.25 18.3546 18.25 17.25V9L14 4.75H7.75C6.64543 4.75 5.75 5.64543 5.75 6.75V17.25C5.75 18.3546 6.64543 19.25 7.75 19.25Z\"><\/path>\n\t\t<path stroke=\"currentColor\" stroke-linecap=\"round\" stroke-linejoin=\"round\" stroke-width=\"1.5\" d=\"M18 9.25H13.75V5\"><\/path>\n\t\t<path stroke=\"currentColor\" stroke-linecap=\"round\" stroke-linejoin=\"round\" stroke-width=\"1.5\" d=\"M9.75 15.25H14.25\"><\/path>\n\t\t<path stroke=\"currentColor\" stroke-linecap=\"round\" stroke-linejoin=\"round\" stroke-width=\"1.5\" d=\"M9.75 12.25H14.25\"><\/path>\n\t\t<\/svg>&nbsp;Download Attachment<\/a><\/div> \n\t\n\t\t\t\n\t<\/section>\n<\/div><style type=\"text\/css\">\n\t\t#rb-template-538 .rbt-contact-info,\n\t\t#rb-template-538 .rbt-ci-block { border-color: rgba( 67, 67, 67, 0.2 ); }\n\t\t#rb-template-538 .rbt-contact-info a { color:#3cc1ce; }\n\t\t#rb-template-538 .rbt-contact-info svg path { stroke:#434343; }\n\t\t#rb-template-538 .rbt-contact-info,\n\t\t#rb-template-538 .rbt-contact-info a:hover { color:#434343; }\t\n\t<\/style><div id=\"rb-template-538\" class=\"rb-template-default\"><div class=\"rbt-contact-info\"><div class=\"rbt-ci-block\"><div><\/div><div><a href=\"mailto:&#097;&#117;&#099;&#108;ai&#114;de&#045;at-gmail&#046;&#099;o&#109;\">&#097;uc&#108;ai&#114;&#100;e&#045;&#097;&#116;-&#103;m&#097;il.&#099;o&#109;<\/a><\/div><\/div><div class=\"rbt-ci-block\"><div><\/div><div>Versailles<\/div><\/div><\/div><\/div><\/div><div class=\"rbt-body\"><div class=\"rbt-column small\"><style type=\"text\/css\">\n\t\t#rb-template-928 .rb-resume-skills-block { color: #434343; }\n\t\t#rb-template-928 .rb-resume-skills-block .rb-resume-skill-rating svg > path { stroke: #FEB801; fill: #FEB801; }\n\t\t#rb-template-928 .rbt-section-heading { color: #3cc1ce; }\n\t\t\t<\/style><div class=\"rb-compact\"><div id=\"rb-template-928\" class=\"rb-template-default\"><div class=\"rb-resume-skills-block-wrapper\"><div class=\"rb-resume-skills-block\"><div class=\"rb-resume-skill-title\">Photoshop<\/div><div class=\"rb-resume-skill-rating\"><div class=\"rb-rating-star-whole\"><svg width=\"24\" height=\"24\" fill=\"none\" xmlns=\"http:\/\/www.w3.org\/2000\/svg\"><path d=\"M12 4.75L13.75 10.25H19.25L14.75 13.75L16.25 19.25L12 15.75L7.75 19.25L9.25 13.75L4.75 10.25H10.25L12 4.75Z\" stroke=\"#141414\" stroke-width=\"1.5\" stroke-linecap=\"round\" stroke-linejoin=\"round\"><\/path><\/svg><\/div><div class=\"rb-rating-star-whole\"><svg width=\"24\" height=\"24\" fill=\"none\" xmlns=\"http:\/\/www.w3.org\/2000\/svg\"><path d=\"M12 4.75L13.75 10.25H19.25L14.75 13.75L16.25 19.25L12 15.75L7.75 19.25L9.25 13.75L4.75 10.25H10.25L12 4.75Z\" stroke=\"#141414\" stroke-width=\"1.5\" stroke-linecap=\"round\" stroke-linejoin=\"round\"><\/path><\/svg><\/div><div class=\"rb-rating-star-whole\"><svg width=\"24\" height=\"24\" fill=\"none\" xmlns=\"http:\/\/www.w3.org\/2000\/svg\"><path d=\"M12 4.75L13.75 10.25H19.25L14.75 13.75L16.25 19.25L12 15.75L7.75 19.25L9.25 13.75L4.75 10.25H10.25L12 4.75Z\" stroke=\"#141414\" stroke-width=\"1.5\" stroke-linecap=\"round\" stroke-linejoin=\"round\"><\/path><\/svg><\/div><div class=\"rb-rating-star-whole\"><svg width=\"24\" height=\"24\" fill=\"none\" xmlns=\"http:\/\/www.w3.org\/2000\/svg\"><path d=\"M12 4.75L13.75 10.25H19.25L14.75 13.75L16.25 19.25L12 15.75L7.75 19.25L9.25 13.75L4.75 10.25H10.25L12 4.75Z\" stroke=\"#141414\" stroke-width=\"1.5\" stroke-linecap=\"round\" stroke-linejoin=\"round\"><\/path><\/svg><\/div><div class=\"rb-rating-star-whole\"><svg width=\"24\" height=\"24\" fill=\"none\" xmlns=\"http:\/\/www.w3.org\/2000\/svg\"><path d=\"M12 4.75L13.75 10.25H19.25L14.75 13.75L16.25 19.25L12 15.75L7.75 19.25L9.25 13.75L4.75 10.25H10.25L12 4.75Z\" stroke=\"#141414\" stroke-width=\"1.5\" stroke-linecap=\"round\" stroke-linejoin=\"round\"><\/path><\/svg><\/div><\/div><\/div><div class=\"rb-resume-skills-block\"><div class=\"rb-resume-skill-title\">After Effects<\/div><div class=\"rb-resume-skill-rating\"><div class=\"rb-rating-star-whole\"><svg width=\"24\" height=\"24\" fill=\"none\" xmlns=\"http:\/\/www.w3.org\/2000\/svg\"><path d=\"M12 4.75L13.75 10.25H19.25L14.75 13.75L16.25 19.25L12 15.75L7.75 19.25L9.25 13.75L4.75 10.25H10.25L12 4.75Z\" stroke=\"#141414\" stroke-width=\"1.5\" stroke-linecap=\"round\" stroke-linejoin=\"round\"><\/path><\/svg><\/div><div class=\"rb-rating-star-whole\"><svg width=\"24\" height=\"24\" fill=\"none\" xmlns=\"http:\/\/www.w3.org\/2000\/svg\"><path d=\"M12 4.75L13.75 10.25H19.25L14.75 13.75L16.25 19.25L12 15.75L7.75 19.25L9.25 13.75L4.75 10.25H10.25L12 4.75Z\" stroke=\"#141414\" stroke-width=\"1.5\" stroke-linecap=\"round\" stroke-linejoin=\"round\"><\/path><\/svg><\/div><div class=\"rb-rating-star-whole\"><svg width=\"24\" height=\"24\" fill=\"none\" xmlns=\"http:\/\/www.w3.org\/2000\/svg\"><path d=\"M12 4.75L13.75 10.25H19.25L14.75 13.75L16.25 19.25L12 15.75L7.75 19.25L9.25 13.75L4.75 10.25H10.25L12 4.75Z\" stroke=\"#141414\" stroke-width=\"1.5\" stroke-linecap=\"round\" stroke-linejoin=\"round\"><\/path><\/svg><\/div><div class=\"rb-rating-star-whole\"><svg width=\"24\" height=\"24\" fill=\"none\" xmlns=\"http:\/\/www.w3.org\/2000\/svg\"><path d=\"M12 4.75L13.75 10.25H19.25L14.75 13.75L16.25 19.25L12 15.75L7.75 19.25L9.25 13.75L4.75 10.25H10.25L12 4.75Z\" stroke=\"#141414\" stroke-width=\"1.5\" stroke-linecap=\"round\" stroke-linejoin=\"round\"><\/path><\/svg><\/div><div class=\"rb-rating-star-whole\"><svg width=\"24\" height=\"24\" fill=\"none\" xmlns=\"http:\/\/www.w3.org\/2000\/svg\"><path d=\"M12 4.75L13.75 10.25H19.25L14.75 13.75L16.25 19.25L12 15.75L7.75 19.25L9.25 13.75L4.75 10.25H10.25L12 4.75Z\" stroke=\"#141414\" stroke-width=\"1.5\" stroke-linecap=\"round\" stroke-linejoin=\"round\"><\/path><\/svg><\/div><\/div><\/div><div class=\"rb-resume-skills-block\"><div class=\"rb-resume-skill-title\">Illustrator<\/div><div class=\"rb-resume-skill-rating\"><div class=\"rb-rating-star-whole\"><svg width=\"24\" height=\"24\" fill=\"none\" xmlns=\"http:\/\/www.w3.org\/2000\/svg\"><path d=\"M12 4.75L13.75 10.25H19.25L14.75 13.75L16.25 19.25L12 15.75L7.75 19.25L9.25 13.75L4.75 10.25H10.25L12 4.75Z\" stroke=\"#141414\" stroke-width=\"1.5\" stroke-linecap=\"round\" stroke-linejoin=\"round\"><\/path><\/svg><\/div><div class=\"rb-rating-star-whole\"><svg width=\"24\" height=\"24\" fill=\"none\" xmlns=\"http:\/\/www.w3.org\/2000\/svg\"><path d=\"M12 4.75L13.75 10.25H19.25L14.75 13.75L16.25 19.25L12 15.75L7.75 19.25L9.25 13.75L4.75 10.25H10.25L12 4.75Z\" stroke=\"#141414\" stroke-width=\"1.5\" stroke-linecap=\"round\" stroke-linejoin=\"round\"><\/path><\/svg><\/div><div class=\"rb-rating-star-whole\"><svg width=\"24\" height=\"24\" fill=\"none\" xmlns=\"http:\/\/www.w3.org\/2000\/svg\"><path d=\"M12 4.75L13.75 10.25H19.25L14.75 13.75L16.25 19.25L12 15.75L7.75 19.25L9.25 13.75L4.75 10.25H10.25L12 4.75Z\" stroke=\"#141414\" stroke-width=\"1.5\" stroke-linecap=\"round\" stroke-linejoin=\"round\"><\/path><\/svg><\/div><div class=\"rb-rating-star-whole\"><svg width=\"24\" height=\"24\" fill=\"none\" xmlns=\"http:\/\/www.w3.org\/2000\/svg\"><path d=\"M12 4.75L13.75 10.25H19.25L14.75 13.75L16.25 19.25L12 15.75L7.75 19.25L9.25 13.75L4.75 10.25H10.25L12 4.75Z\" stroke=\"#141414\" stroke-width=\"1.5\" stroke-linecap=\"round\" stroke-linejoin=\"round\"><\/path><\/svg><\/div><\/div><\/div><div class=\"rb-resume-skills-block\"><div class=\"rb-resume-skill-title\">Premiere Pro<\/div><div class=\"rb-resume-skill-rating\"><div class=\"rb-rating-star-whole\"><svg width=\"24\" height=\"24\" fill=\"none\" xmlns=\"http:\/\/www.w3.org\/2000\/svg\"><path d=\"M12 4.75L13.75 10.25H19.25L14.75 13.75L16.25 19.25L12 15.75L7.75 19.25L9.25 13.75L4.75 10.25H10.25L12 4.75Z\" stroke=\"#141414\" stroke-width=\"1.5\" stroke-linecap=\"round\" stroke-linejoin=\"round\"><\/path><\/svg><\/div><div class=\"rb-rating-star-whole\"><svg width=\"24\" height=\"24\" fill=\"none\" xmlns=\"http:\/\/www.w3.org\/2000\/svg\"><path d=\"M12 4.75L13.75 10.25H19.25L14.75 13.75L16.25 19.25L12 15.75L7.75 19.25L9.25 13.75L4.75 10.25H10.25L12 4.75Z\" stroke=\"#141414\" stroke-width=\"1.5\" stroke-linecap=\"round\" stroke-linejoin=\"round\"><\/path><\/svg><\/div><div class=\"rb-rating-star-whole\"><svg width=\"24\" height=\"24\" fill=\"none\" xmlns=\"http:\/\/www.w3.org\/2000\/svg\"><path d=\"M12 4.75L13.75 10.25H19.25L14.75 13.75L16.25 19.25L12 15.75L7.75 19.25L9.25 13.75L4.75 10.25H10.25L12 4.75Z\" stroke=\"#141414\" stroke-width=\"1.5\" stroke-linecap=\"round\" stroke-linejoin=\"round\"><\/path><\/svg><\/div><\/div><\/div><div class=\"rb-resume-skills-block\"><div class=\"rb-resume-skill-title\">Adobe XD<\/div><div class=\"rb-resume-skill-rating\"><div class=\"rb-rating-star-whole\"><svg width=\"24\" height=\"24\" fill=\"none\" xmlns=\"http:\/\/www.w3.org\/2000\/svg\"><path d=\"M12 4.75L13.75 10.25H19.25L14.75 13.75L16.25 19.25L12 15.75L7.75 19.25L9.25 13.75L4.75 10.25H10.25L12 4.75Z\" stroke=\"#141414\" stroke-width=\"1.5\" stroke-linecap=\"round\" stroke-linejoin=\"round\"><\/path><\/svg><\/div><div class=\"rb-rating-star-whole\"><svg width=\"24\" height=\"24\" fill=\"none\" xmlns=\"http:\/\/www.w3.org\/2000\/svg\"><path d=\"M12 4.75L13.75 10.25H19.25L14.75 13.75L16.25 19.25L12 15.75L7.75 19.25L9.25 13.75L4.75 10.25H10.25L12 4.75Z\" stroke=\"#141414\" stroke-width=\"1.5\" stroke-linecap=\"round\" stroke-linejoin=\"round\"><\/path><\/svg><\/div><div class=\"rb-rating-star-whole\"><svg width=\"24\" height=\"24\" fill=\"none\" xmlns=\"http:\/\/www.w3.org\/2000\/svg\"><path d=\"M12 4.75L13.75 10.25H19.25L14.75 13.75L16.25 19.25L12 15.75L7.75 19.25L9.25 13.75L4.75 10.25H10.25L12 4.75Z\" stroke=\"#141414\" stroke-width=\"1.5\" stroke-linecap=\"round\" stroke-linejoin=\"round\"><\/path><\/svg><\/div><div class=\"rb-rating-star-whole\"><svg width=\"24\" height=\"24\" fill=\"none\" xmlns=\"http:\/\/www.w3.org\/2000\/svg\"><path d=\"M12 4.75L13.75 10.25H19.25L14.75 13.75L16.25 19.25L12 15.75L7.75 19.25L9.25 13.75L4.75 10.25H10.25L12 4.75Z\" stroke=\"#141414\" stroke-width=\"1.5\" stroke-linecap=\"round\" stroke-linejoin=\"round\"><\/path><\/svg><\/div><\/div><\/div><div class=\"rb-resume-skills-block\"><div class=\"rb-resume-skill-title\">Lightroom<\/div><div class=\"rb-resume-skill-rating\"><div class=\"rb-rating-star-whole\"><svg width=\"24\" height=\"24\" fill=\"none\" xmlns=\"http:\/\/www.w3.org\/2000\/svg\"><path d=\"M12 4.75L13.75 10.25H19.25L14.75 13.75L16.25 19.25L12 15.75L7.75 19.25L9.25 13.75L4.75 10.25H10.25L12 4.75Z\" stroke=\"#141414\" stroke-width=\"1.5\" stroke-linecap=\"round\" stroke-linejoin=\"round\"><\/path><\/svg><\/div><div class=\"rb-rating-star-whole\"><svg width=\"24\" height=\"24\" fill=\"none\" xmlns=\"http:\/\/www.w3.org\/2000\/svg\"><path d=\"M12 4.75L13.75 10.25H19.25L14.75 13.75L16.25 19.25L12 15.75L7.75 19.25L9.25 13.75L4.75 10.25H10.25L12 4.75Z\" stroke=\"#141414\" stroke-width=\"1.5\" stroke-linecap=\"round\" stroke-linejoin=\"round\"><\/path><\/svg><\/div><div class=\"rb-rating-star-whole\"><svg width=\"24\" height=\"24\" fill=\"none\" xmlns=\"http:\/\/www.w3.org\/2000\/svg\"><path d=\"M12 4.75L13.75 10.25H19.25L14.75 13.75L16.25 19.25L12 15.75L7.75 19.25L9.25 13.75L4.75 10.25H10.25L12 4.75Z\" stroke=\"#141414\" stroke-width=\"1.5\" stroke-linecap=\"round\" stroke-linejoin=\"round\"><\/path><\/svg><\/div><div class=\"rb-rating-star-whole\"><svg width=\"24\" height=\"24\" fill=\"none\" xmlns=\"http:\/\/www.w3.org\/2000\/svg\"><path d=\"M12 4.75L13.75 10.25H19.25L14.75 13.75L16.25 19.25L12 15.75L7.75 19.25L9.25 13.75L4.75 10.25H10.25L12 4.75Z\" stroke=\"#141414\" stroke-width=\"1.5\" stroke-linecap=\"round\" stroke-linejoin=\"round\"><\/path><\/svg><\/div><\/div><\/div><div class=\"rb-resume-skills-block\"><div class=\"rb-resume-skill-title\">Maya<\/div><div class=\"rb-resume-skill-rating\"><div class=\"rb-rating-star-whole\"><svg width=\"24\" height=\"24\" fill=\"none\" xmlns=\"http:\/\/www.w3.org\/2000\/svg\"><path d=\"M12 4.75L13.75 10.25H19.25L14.75 13.75L16.25 19.25L12 15.75L7.75 19.25L9.25 13.75L4.75 10.25H10.25L12 4.75Z\" stroke=\"#141414\" stroke-width=\"1.5\" stroke-linecap=\"round\" stroke-linejoin=\"round\"><\/path><\/svg><\/div><div class=\"rb-rating-star-whole\"><svg width=\"24\" height=\"24\" fill=\"none\" xmlns=\"http:\/\/www.w3.org\/2000\/svg\"><path d=\"M12 4.75L13.75 10.25H19.25L14.75 13.75L16.25 19.25L12 15.75L7.75 19.25L9.25 13.75L4.75 10.25H10.25L12 4.75Z\" stroke=\"#141414\" stroke-width=\"1.5\" stroke-linecap=\"round\" stroke-linejoin=\"round\"><\/path><\/svg><\/div><div class=\"rb-rating-star-whole\"><svg width=\"24\" height=\"24\" fill=\"none\" xmlns=\"http:\/\/www.w3.org\/2000\/svg\"><path d=\"M12 4.75L13.75 10.25H19.25L14.75 13.75L16.25 19.25L12 15.75L7.75 19.25L9.25 13.75L4.75 10.25H10.25L12 4.75Z\" stroke=\"#141414\" stroke-width=\"1.5\" stroke-linecap=\"round\" stroke-linejoin=\"round\"><\/path><\/svg><\/div><div class=\"rb-rating-star-whole\"><svg width=\"24\" height=\"24\" fill=\"none\" xmlns=\"http:\/\/www.w3.org\/2000\/svg\"><path d=\"M12 4.75L13.75 10.25H19.25L14.75 13.75L16.25 19.25L12 15.75L7.75 19.25L9.25 13.75L4.75 10.25H10.25L12 4.75Z\" stroke=\"#141414\" stroke-width=\"1.5\" stroke-linecap=\"round\" stroke-linejoin=\"round\"><\/path><\/svg><\/div><\/div><\/div><div class=\"rb-resume-skills-block\"><div class=\"rb-resume-skill-title\">Unity<\/div><div class=\"rb-resume-skill-rating\"><div class=\"rb-rating-star-whole\"><svg width=\"24\" height=\"24\" fill=\"none\" xmlns=\"http:\/\/www.w3.org\/2000\/svg\"><path d=\"M12 4.75L13.75 10.25H19.25L14.75 13.75L16.25 19.25L12 15.75L7.75 19.25L9.25 13.75L4.75 10.25H10.25L12 4.75Z\" stroke=\"#141414\" stroke-width=\"1.5\" stroke-linecap=\"round\" stroke-linejoin=\"round\"><\/path><\/svg><\/div><\/div><\/div><div class=\"rb-resume-skills-block\"><div class=\"rb-resume-skill-description\"><p><strong>CR\u00c9ATIVIT\u00c9 <\/strong><\/p><p><strong>AUTONOMIE<\/strong><\/p><p><strong>POLYVALENCE <\/strong><\/p><p><strong>RIGUEUR <\/strong><\/p><p><strong>ORGANISATION <\/strong><\/p><p><strong>CURIOSIT\u00c9 <\/strong><\/p><p><strong>ADAPTABILIT\u00c9 <\/strong><\/p><p><strong>SENS DU COLLECTIF<\/strong><\/p><\/div><\/div><\/div><\/div><\/div><\/div><div class=\"rbt-column large\"><style type=\"text\/css\">\n\t\t#rb-template-988 .rbt-introduction { color:#434343; }\n\t<\/style>\n\t\n\t<div id=\"rb-template-988\" class=\"rb-template-default\">\n\t\t<div class=\"rbt-introduction\"><p>Forte de 21 ans d\u2019exp\u00e9rience dans le domaine de la cr\u00e9ation num\u00e9rique, j\u2019ai un profil tr\u00e8s polyvalent me permettant de travailler en autonomie sur un large panel de productions mais aussi de collaborer efficacement avec de nombreux corps de m\u00e9tiers. <\/p><p>CR\u00c9ATIVIT\u00c9 | AUTONOMIE | POLYVALENCE RIGUEUR | ORGANISATION | CURIOSIT\u00c9 ADAPTABILIT\u00c9 | SENS DU COLLECTIF<\/p><\/div>\t<\/div><style type=\"text\/css\">\n\t\t#rb-template-336,\n\t\t#rb-template-336 .rbt-history-blocks .rbt-history-block { color: #434343; }\n\t\t#rb-template-336 .rbt-section-heading { color: #3cc1ce; }\n\t\t#rb-template-336 .rbt-history-blocks .rbt-history-block > div::before { background: #434343; }\n\t\t#rb-template-336 .rbt-history-blocks .rbt-history-place-time > span::after { background: #434343; }\n\t\t#rb-template-336 .rbt-history-blocks .rbt-history-block .rbt-history-job-degree:after { background: #3cc1ce; }\n\t<\/style><div id=\"rb-template-336\" class=\"rb-template-default\"><div class=\"rbt-history-blocks\"><div class=\"rbt-history-block\"><div class=\"rbt-history-job-degree\">ON-X Groupe | Service marketing communication | Puteaux<\/div><div class=\"rbt-history-place-time\"><span class=\"rbt-history-company-school\">GRAPHISTE | MOTION DESIGNER | DIRECTION ARTISTIQUE<\/span><span class=\"rbt-history-dates\">2018-2021<\/span><\/div><div class=\"rbt-history-description\"><p>Responsable de la cr\u00e9ation graphique de l\u2019ensemble des supports de communication du groupe sous la responsabilit\u00e9 du Directeur Marketing<\/p><ul><li>Vid\u00e9os en Motion Design <\/li><li> Montages et habillages vid\u00e9o <\/li><li>Tournages vid\u00e9o, Webs\u00e9ries <\/li><li>Cr\u00e9ation d\u2019identit\u00e9s graphiques <\/li><li>Supports de communication <\/li><li>Photographie<\/li><li>Digital : contenu social m\u00e9dia, mailling, webdesign, newsletters<\/li><li> Print : plaquettes, flyers, brochures, publicit\u00e9s <\/li><li>\u00c9v\u00e9nementiel : stands, goodies, kak\u00e9mono<\/li><li> Pilotage de prestations<\/li><\/ul><p><br><\/p><\/div><\/div><div class=\"rbt-history-block\"><div class=\"rbt-history-job-degree\">ON-X Groupe | P\u00f4le R\u00e9alit\u00e9 Augment\u00e9e et Virtuelle | Puteaux<\/div><div class=\"rbt-history-place-time\"><span class=\"rbt-history-company-school\">GRAPHISTE 3D | MOTION DESIGNER | DIRECTION ARTISTIQUE<\/span><span class=\"rbt-history-dates\">2011-2018<\/span><\/div><div class=\"rbt-history-description\"><p>En charge de la cr\u00e9ation graphique de l\u2019ensemble des supports de communication du p\u00f4le.<\/p><ul><li>Films en Motion Design : conception et r\u00e9alisation<\/li><li>Films d\u2019animation 3D : animation, rendu, compositing et habillage<\/li><li>Films en Relief : mise en relief, compositing et habillage<\/li><li>Infographie 3D : simulations temps r\u00e9el<\/li><li>UI \/ UX design (App mobile, AR, VR)<\/li><li>Relation client<\/li><\/ul><p><strong>CLIENTS<\/strong> : EDF - Arianespace - CNES - Orange - RATP - SNCF - Saint-Gobain Atlantis - ERDF - Eutelsat - Plafometal - Renault - Iliade Production - Arte<\/p><\/div><\/div><div class=\"rbt-history-block\"><div class=\"rbt-history-job-degree\">Silicon Worlds | Paris<\/div><div class=\"rbt-history-place-time\"><span class=\"rbt-history-company-school\">RESPONSABLE ANIMATION 3D | INFOGRAPHIE<\/span><span class=\"rbt-history-dates\">2005-2011<\/span><\/div><div class=\"rbt-history-description\"><p>R\u00e9alisation de films d\u2019animation 3D dans le domaine des sciences, de l\u2019industrie et de l\u2019a\u00e9rospatial.<\/p><ul><li>Films d\u2019animation 3D : layout, texturing, rendu, animation, compositing<\/li><li>Cr\u00e9ations graphiques et animations pour supports multim\u00e9dias <\/li><li>Illustrations 3D pour l\u2019\u00e9dition <\/li><li>Gestion de projet et maintien en conditions op\u00e9rationnelles <\/li><li>Productions sp\u00e9cifiques sur : plan\u00e9tarium, Dreamoc, projection sur ballons g\u00e9ants, \u00e9crans Alio (relief sans lunettes)<\/li><\/ul><p><strong>CLIENTS<\/strong> : ESA - Eutelsat - CNES - France T\u00e9l\u00e9visions - Snecma - Cit\u00e9 des Sciences et de l\u2019Industrie - Nathan - Arianespace - Astrium - M6<\/p><\/div><\/div><div class=\"rbt-history-block\"><div class=\"rbt-history-job-degree\">Silicon Worlds | Paris<\/div><div class=\"rbt-history-place-time\"><span class=\"rbt-history-company-school\">INFOGRAPHISTE 3D G\u00c9N\u00c9RALISTE<\/span><span class=\"rbt-history-dates\">2000-2005<\/span><\/div><div class=\"rbt-history-description\"><p>R\u00e9alisation de films d\u2019animation 3D dans le domaine des sciences, de l\u2019industrie et de l\u2019a\u00e9rospatial.<\/p><p><strong>CLIENTS<\/strong> : ESA - Eutelsat - CNES - France T\u00e9l\u00e9visions - Snecma - Cit\u00e9 des Sciences et de l\u2019Industrie - Nathan - Arianespace - Astrium - M6<\/p><\/div><\/div><div class=\"rbt-history-block\"><div class=\"rbt-history-job-degree\">AuClairDe | Versailles<\/div><div class=\"rbt-history-place-time\"><span class=\"rbt-history-company-school\">GRAPHISTE &amp; WEBMASTER IND\u00c9PENDANT<\/span><span class=\"rbt-history-dates\">1999-2019<\/span><\/div><div class=\"rbt-history-description\"><p>Conception graphique et d\u00e9veloppement de sites internets et supports multim\u00e9dias pour les Ogres de Barback.&nbsp;<\/p><\/div><\/div><div class=\"rbt-history-block\"><div class=\"rbt-history-job-degree\">AuClairDe | Versailles<\/div><div class=\"rbt-history-place-time\"><span class=\"rbt-history-company-school\">AUTEUR PHOTOGRAPHE<\/span><span class=\"rbt-history-dates\">2014-2021<\/span><\/div><div class=\"rbt-history-description\"><p>Photographe chez \u201cPick &amp; Pick\u201d, banque d\u2019image solidaire. Participations \u00e0 des expositions collectives :<\/p><ul><li>2021 : La Fabrique du M\u00e9tro - Paris <\/li><li>2020 : Mus\u00e9e du Luxembourg - Paris <\/li><li>2020 : La Quinzaine de la Photographie Nantaise - Nantes <\/li><li>2020 : Institut pour la Photographie - Lille <\/li><li>2019 : Voies off du festival Les Rencontres d\u2019Arles - Arles<\/li><\/ul><\/div><\/div><\/div><div class=\"rbt-section-heading\">FORMATION<\/div><div class=\"rbt-history-blocks\"><div class=\"rbt-history-block\"><div class=\"rbt-history-place-time\"><span class=\"rbt-history-company-school\">DEA ATI Art et Technologie de l\u2019Image - Mention TB - Paris VIII<\/span><span class=\"rbt-history-dates\">2000<\/span><\/div><\/div><div class=\"rbt-history-block\"><div class=\"rbt-history-place-time\"><span class=\"rbt-history-company-school\">Ma\u00eetrise ATI Art et Technologie de l\u2019Image - Mention TB - Paris VIII<\/span><span class=\"rbt-history-dates\">1999<\/span><\/div><\/div><div class=\"rbt-history-block\"><div class=\"rbt-history-place-time\"><span class=\"rbt-history-company-school\">Licence ATI Art et Technologie de l\u2019Image - Mention TB - Paris VIII<\/span><span class=\"rbt-history-dates\">1998<\/span><\/div><\/div><div class=\"rbt-history-block\"><div class=\"rbt-history-place-time\"><span class=\"rbt-history-company-school\">DEUG MIAS Math\u00e9matiques Informatique - Mention AB - NANCY I<\/span><span class=\"rbt-history-dates\">1999<\/span><\/div><\/div><div class=\"rbt-history-block\"><div class=\"rbt-history-place-time\"><span class=\"rbt-history-company-school\">Baccalaur\u00e9at S option Math\u00e9matiques - Mention AB - Lyc\u00e9e Jacques Callot<\/span><span class=\"rbt-history-dates\">1995<\/span><\/div><\/div><\/div><\/div><\/div><\/div><\/div><\/section>\n","protected":false},"excerpt":{"rendered":"","protected":false},"author":1,"featured_media":0,"parent":0,"menu_order":0,"comment_status":"closed","ping_status":"closed","template":"","meta":{"footnotes":""},"class_list":["post-790","page","type-page","status-publish","hentry"],"blocksy_meta":{"styles_descriptor":{"styles":{"desktop":"","tablet":"","mobile":""},"google_fonts":[]}},"featured_image_urls_v2":{"full":"","thumbnail":"","medium":"","medium_large":"","large":"","1536x1536":"","2048x2048":"","rb-resume-thumbnail":""},"post_excerpt_stackable_v2":"<p>&nbsp; C\u00e9line MILLERAND GRAPHISME | MOTION DESIGN DIRECTION ARTISTIQUE PHOTOGRAPHIE &nbsp;Download Attachment &#097;&#117;&#099;lai&#114;&#100;&#101;-&#097;&#116;-g&#109;&#097;i&#108;&#046;&#099;&#111;mVersaillesPhotoshopAfter EffectsIllustratorPremiere ProAdobe XDLightroomMayaUnityCR\u00c9ATIVIT\u00c9 AUTONOMIEPOLYVALENCE RIGUEUR ORGANISATION CURIOSIT\u00c9 ADAPTABILIT\u00c9 SENS DU COLLECTIF Forte de 21 ans d\u2019exp\u00e9rience dans le domaine de la cr\u00e9ation num\u00e9rique, j\u2019ai un profil tr\u00e8s polyvalent me permettant de travailler en autonomie sur un large panel de productions mais aussi de collaborer efficacement avec de nombreux corps de m\u00e9tiers. CR\u00c9ATIVIT\u00c9 | AUTONOMIE | POLYVALENCE RIGUEUR | ORGANISATION | CURIOSIT\u00c9 ADAPTABILIT\u00c9 | SENS DU COLLECTIF ON-X Groupe | Service marketing communication | PuteauxGRAPHISTE | MOTION DESIGNER | DIRECTION ARTISTIQUE2018-2021Responsable de la cr\u00e9ation graphique de l\u2019ensemble des\u2026<\/p>\n","category_list_v2":"","author_info_v2":{"name":"auclairde","url":"https:\/\/www.infographie.auclairde.fr\/index.php\/author\/auclairde\/"},"comments_num_v2":"0 commentaire","_links":{"self":[{"href":"https:\/\/www.infographie.auclairde.fr\/index.php\/wp-json\/wp\/v2\/pages\/790"}],"collection":[{"href":"https:\/\/www.infographie.auclairde.fr\/index.php\/wp-json\/wp\/v2\/pages"}],"about":[{"href":"https:\/\/www.infographie.auclairde.fr\/index.php\/wp-json\/wp\/v2\/types\/page"}],"author":[{"embeddable":true,"href":"https:\/\/www.infographie.auclairde.fr\/index.php\/wp-json\/wp\/v2\/users\/1"}],"replies":[{"embeddable":true,"href":"https:\/\/www.infographie.auclairde.fr\/index.php\/wp-json\/wp\/v2\/comments?post=790"}],"version-history":[{"count":5,"href":"https:\/\/www.infographie.auclairde.fr\/index.php\/wp-json\/wp\/v2\/pages\/790\/revisions"}],"predecessor-version":[{"id":1133,"href":"https:\/\/www.infographie.auclairde.fr\/index.php\/wp-json\/wp\/v2\/pages\/790\/revisions\/1133"}],"wp:attachment":[{"href":"https:\/\/www.infographie.auclairde.fr\/index.php\/wp-json\/wp\/v2\/media?parent=790"}],"curies":[{"name":"wp","href":"https:\/\/api.w.org\/{rel}","templated":true}]}}